{"id":61,"date":"2025-01-02T21:53:53","date_gmt":"2025-01-02T19:53:53","guid":{"rendered":"https:\/\/leinola.fi\/?page_id=61"},"modified":"2025-02-27T11:45:04","modified_gmt":"2025-02-27T09:45:04","slug":"referenssit","status":"publish","type":"page","link":"https:\/\/leinola.fi\/?page_id=61","title":{"rendered":"REFERENSSIT"},"content":{"rendered":"\n<div class=\"wp-block-group alignfull superbthemes-navigation-004 is-layout-flow wp-block-group-is-layout-flow\" style=\"margin-top:0;margin-bottom:0;padding-top:0;padding-bottom:0\">\n<div class=\"wp-block-cover is-light\" style=\"margin-top:0;margin-bottom:0;padding-top:var(--wp--preset--spacing--superbspacing-xxlarge);padding-right:0;padding-bottom:var(--wp--preset--spacing--superbspacing-xxlarge);padding-left:0;min-height:100px;aspect-ratio:unset;\"><span aria-hidden=\"true\" class=\"wp-block-cover__background has-background-dim-10 has-background-dim\" style=\"background-color:#94877c\"><\/span><img loading=\"lazy\" decoding=\"async\" width=\"2560\" height=\"1920\" class=\"wp-block-cover__image-background wp-image-119\" alt=\"\" src=\"https:\/\/leinola.fi\/wp-content\/uploads\/2025\/01\/20220925_140335-1-1-scaled.jpg\" data-object-fit=\"cover\" srcset=\"https:\/\/leinola.fi\/wp-content\/uploads\/2025\/01\/20220925_140335-1-1-scaled.jpg 2560w, https:\/\/leinola.fi\/wp-content\/uploads\/2025\/01\/20220925_140335-1-1-300x225.jpg 300w, https:\/\/leinola.fi\/wp-content\/uploads\/2025\/01\/20220925_140335-1-1-1024x768.jpg 1024w, https:\/\/leinola.fi\/wp-content\/uploads\/2025\/01\/20220925_140335-1-1-768x576.jpg 768w, https:\/\/leinola.fi\/wp-content\/uploads\/2025\/01\/20220925_140335-1-1-1536x1152.jpg 1536w, https:\/\/leinola.fi\/wp-content\/uploads\/2025\/01\/20220925_140335-1-1-2048x1536.jpg 2048w\" sizes=\"auto, (max-width: 2560px) 100vw, 2560px\" \/><div class=\"wp-block-cover__inner-container is-layout-flow wp-container-core-cover-is-layout-1 wp-block-cover-is-layout-flow\">\n<div class=\"wp-block-group alignwide has-global-padding is-layout-constrained wp-container-core-group-is-layout-1 wp-block-group-is-layout-constrained\" style=\"padding-top:var(--wp--preset--spacing--superbspacing-small);padding-right:var(--wp--preset--spacing--superbspacing-medium);padding-bottom:var(--wp--preset--spacing--superbspacing-medium);padding-left:var(--wp--preset--spacing--superbspacing-medium)\">\n<h1 class=\"wp-block-heading alignwide has-text-align-center has-contrast-light-color has-text-color has-superbfont-xxlarge-font-size\" style=\"padding-right:var(--wp--preset--spacing--superbspacing-small);padding-bottom:var(--wp--preset--spacing--superbspacing-xxsmall);padding-left:var(--wp--preset--spacing--superbspacing-small);font-style:normal;font-weight:700\">REFERENSSIT<\/h1>\n<\/div>\n<\/div><\/div>\n<\/div>\n\n\n\n<div class=\"wp-block-group alignfull has-global-padding is-layout-constrained wp-container-core-group-is-layout-10 wp-block-group-is-layout-constrained\" style=\"margin-top:0;margin-bottom:0;padding-top:var(--wp--preset--spacing--superbspacing-xxlarge);padding-right:var(--wp--preset--spacing--superbspacing-small);padding-bottom:var(--wp--preset--spacing--superbspacing-xxlarge);padding-left:var(--wp--preset--spacing--superbspacing-small)\">\n<div class=\"wp-block-columns alignwide is-layout-flex wp-container-core-columns-is-layout-1 wp-block-columns-is-layout-flex\">\n<div class=\"wp-block-column is-layout-flow wp-block-column-is-layout-flow\" style=\"flex-basis:40%\">\n<h2 class=\"wp-block-heading has-text-align-left has-contrast-color has-text-color has-superbfont-xlarge-font-size\">Projektejamme<\/h2>\n<\/div>\n\n\n\n<div class=\"wp-block-column is-layout-flow wp-block-column-is-layout-flow\">\n<div class=\"wp-block-group has-global-padding is-layout-constrained wp-container-core-group-is-layout-5 wp-block-group-is-layout-constrained\">\n<div class=\"wp-block-group is-nowrap is-layout-flex wp-container-core-group-is-layout-3 wp-block-group-is-layout-flex\">\n<h2 class=\"wp-block-heading has-text-align-center has-primary-color has-text-color has-superbfont-medium-font-size\">Kiinteist\u00f6j\u00e4 ja huoneistoja<\/h2>\n<\/div>\n\n\n\n<div class=\"wp-block-group has-global-padding is-layout-constrained wp-container-core-group-is-layout-4 wp-block-group-is-layout-constrained\" style=\"border-left-color:var(--wp--preset--color--primary);border-left-width:4px;padding-left:var(--wp--preset--spacing--superbspacing-xxsmall)\">\n<p class=\"has-text-align-left has-secondary-color has-text-color has-superbfont-small-font-size\">Vuosien varrella olemme toteuttaneet sek\u00e4 kiinteist\u00f6jen rakennushankkeita, ett\u00e4 useita huoneistoremontteja.<\/p>\n<\/div>\n<\/div>\n<\/div>\n<\/div>\n\n\n\n<div class=\"wp-block-columns alignwide is-layout-flex wp-container-core-columns-is-layout-2 wp-block-columns-is-layout-flex\">\n<div class=\"wp-block-column is-vertically-aligned-center is-layout-flow wp-container-core-column-is-layout-3 wp-block-column-is-layout-flow\">\n<figure class=\"wp-block-image aligncenter size-large has-custom-border\"><img loading=\"lazy\" decoding=\"async\" width=\"1024\" height=\"775\" src=\"https:\/\/leinola.fi\/wp-content\/uploads\/2025\/01\/acb96a67-906e-4b0a-abb5-48ea168615d1-1024x775.jpeg\" alt=\"\" class=\"wp-image-20\" style=\"border-radius:8px;object-fit:cover\" srcset=\"https:\/\/leinola.fi\/wp-content\/uploads\/2025\/01\/acb96a67-906e-4b0a-abb5-48ea168615d1-1024x775.jpeg 1024w, https:\/\/leinola.fi\/wp-content\/uploads\/2025\/01\/acb96a67-906e-4b0a-abb5-48ea168615d1-300x227.jpeg 300w, https:\/\/leinola.fi\/wp-content\/uploads\/2025\/01\/acb96a67-906e-4b0a-abb5-48ea168615d1-768x581.jpeg 768w, https:\/\/leinola.fi\/wp-content\/uploads\/2025\/01\/acb96a67-906e-4b0a-abb5-48ea168615d1-1536x1163.jpeg 1536w, https:\/\/leinola.fi\/wp-content\/uploads\/2025\/01\/acb96a67-906e-4b0a-abb5-48ea168615d1.jpeg 2048w\" sizes=\"auto, (max-width: 1024px) 100vw, 1024px\" \/><\/figure>\n\n\n\n<div class=\"wp-block-group has-global-padding is-layout-constrained wp-container-core-group-is-layout-6 wp-block-group-is-layout-constrained\">\n<h3 class=\"wp-block-heading has-text-align-left has-contrast-color has-text-color has-alegreya-font-family has-superbfont-medium-font-size\">Paritalo, H\u00e4meenlinna<\/h3>\n\n\n\n<h3 class=\"wp-block-heading has-text-align-left has-primary-color has-text-color has-superbfont-small-font-size\"><a href=\"https:\/\/leinola.fi\/?page_id=91\" data-type=\"page\" data-id=\"91\">Kuvat\u2192<\/a><\/h3>\n<\/div>\n<\/div>\n\n\n\n<div class=\"wp-block-column is-vertically-aligned-center is-layout-flow wp-container-core-column-is-layout-4 wp-block-column-is-layout-flow\">\n<figure class=\"wp-block-image aligncenter size-large has-custom-border\"><img loading=\"lazy\" decoding=\"async\" width=\"768\" height=\"1024\" src=\"https:\/\/leinola.fi\/wp-content\/uploads\/2025\/01\/IMG_2468-768x1024.jpeg\" alt=\"\" class=\"wp-image-36\" style=\"border-radius:8px;object-fit:cover\" srcset=\"https:\/\/leinola.fi\/wp-content\/uploads\/2025\/01\/IMG_2468-768x1024.jpeg 768w, https:\/\/leinola.fi\/wp-content\/uploads\/2025\/01\/IMG_2468-225x300.jpeg 225w, https:\/\/leinola.fi\/wp-content\/uploads\/2025\/01\/IMG_2468-1152x1536.jpeg 1152w, https:\/\/leinola.fi\/wp-content\/uploads\/2025\/01\/IMG_2468-1536x2048.jpeg 1536w, https:\/\/leinola.fi\/wp-content\/uploads\/2025\/01\/IMG_2468-scaled.jpeg 1920w\" sizes=\"auto, (max-width: 768px) 100vw, 768px\" \/><\/figure>\n\n\n\n<div class=\"wp-block-group has-global-padding is-layout-constrained wp-container-core-group-is-layout-7 wp-block-group-is-layout-constrained\">\n<h3 class=\"wp-block-heading has-text-align-left has-contrast-color has-text-color has-alegreya-font-family has-superbfont-medium-font-size\">Yksi\u00f6,Tampere<\/h3>\n\n\n\n<h3 class=\"wp-block-heading has-text-align-left has-primary-color has-text-color has-superbfont-small-font-size\"><a href=\"https:\/\/leinola.fi\/?page_id=153\" data-type=\"page\" data-id=\"153\">Kuvat \u2192<\/a><\/h3>\n<\/div>\n<\/div>\n\n\n\n<div class=\"wp-block-column is-vertically-aligned-center is-layout-flow wp-container-core-column-is-layout-5 wp-block-column-is-layout-flow\">\n<figure class=\"wp-block-image aligncenter size-large has-custom-border\"><img loading=\"lazy\" decoding=\"async\" width=\"768\" height=\"1024\" src=\"https:\/\/leinola.fi\/wp-content\/uploads\/2025\/01\/Rinkelinkuja-jNlkeen-2-768x1024.jpg\" alt=\"\" class=\"wp-image-141\" style=\"border-radius:8px;object-fit:cover\" srcset=\"https:\/\/leinola.fi\/wp-content\/uploads\/2025\/01\/Rinkelinkuja-jNlkeen-2-768x1024.jpg 768w, https:\/\/leinola.fi\/wp-content\/uploads\/2025\/01\/Rinkelinkuja-jNlkeen-2-225x300.jpg 225w, https:\/\/leinola.fi\/wp-content\/uploads\/2025\/01\/Rinkelinkuja-jNlkeen-2-1152x1536.jpg 1152w, https:\/\/leinola.fi\/wp-content\/uploads\/2025\/01\/Rinkelinkuja-jNlkeen-2.jpg 1536w\" sizes=\"auto, (max-width: 768px) 100vw, 768px\" \/><\/figure>\n\n\n\n<div class=\"wp-block-group has-global-padding is-layout-constrained wp-container-core-group-is-layout-8 wp-block-group-is-layout-constrained\">\n<h3 class=\"wp-block-heading has-text-align-left has-contrast-color has-text-color has-alegreya-font-family has-superbfont-medium-font-size\">Kaksio,H\u00e4meenlinna<\/h3>\n\n\n\n<h3 class=\"wp-block-heading has-text-align-left has-primary-color has-text-color has-superbfont-small-font-size\"><a href=\"https:\/\/leinola.fi\/?page_id=161\" data-type=\"page\" data-id=\"161\">Kuvat \u2192<\/a><\/h3>\n<\/div>\n<\/div>\n\n\n\n<div class=\"wp-block-column is-vertically-aligned-center is-layout-flow wp-container-core-column-is-layout-6 wp-block-column-is-layout-flow\">\n<figure class=\"wp-block-image aligncenter size-large has-custom-border\"><img loading=\"lazy\" decoding=\"async\" width=\"1024\" height=\"768\" src=\"https:\/\/leinola.fi\/wp-content\/uploads\/2025\/01\/20220925_140335-1-1-1024x768.jpg\" alt=\"\" class=\"wp-image-119\" style=\"border-radius:8px;object-fit:cover\" srcset=\"https:\/\/leinola.fi\/wp-content\/uploads\/2025\/01\/20220925_140335-1-1-1024x768.jpg 1024w, https:\/\/leinola.fi\/wp-content\/uploads\/2025\/01\/20220925_140335-1-1-300x225.jpg 300w, https:\/\/leinola.fi\/wp-content\/uploads\/2025\/01\/20220925_140335-1-1-768x576.jpg 768w, https:\/\/leinola.fi\/wp-content\/uploads\/2025\/01\/20220925_140335-1-1-1536x1152.jpg 1536w, https:\/\/leinola.fi\/wp-content\/uploads\/2025\/01\/20220925_140335-1-1-2048x1536.jpg 2048w\" sizes=\"auto, (max-width: 1024px) 100vw, 1024px\" \/><\/figure>\n\n\n\n<div class=\"wp-block-group has-global-padding is-layout-constrained wp-container-core-group-is-layout-9 wp-block-group-is-layout-constrained\">\n<h3 class=\"wp-block-heading has-text-align-left has-contrast-color has-text-color has-alegreya-font-family has-superbfont-medium-font-size\">Omakotitalo,Sipoo<\/h3>\n\n\n\n<h3 class=\"wp-block-heading has-text-align-left has-primary-color has-text-color has-superbfont-small-font-size\"><a href=\"https:\/\/leinola.fi\/?page_id=164\" data-type=\"page\" data-id=\"164\">Kuvat\u2192<\/a><\/h3>\n<\/div>\n<\/div>\n<\/div>\n<\/div>\n\n\n\n<div class=\"wp-block-group alignfull has-base-background-color has-background has-global-padding is-layout-constrained wp-container-core-group-is-layout-13 wp-block-group-is-layout-constrained\" style=\"margin-top:0;margin-bottom:0;padding-top:var(--wp--preset--spacing--superbspacing-xxlarge);padding-right:var(--wp--preset--spacing--superbspacing-small);padding-bottom:var(--wp--preset--spacing--superbspacing-xxlarge);padding-left:var(--wp--preset--spacing--superbspacing-small)\">\n<div class=\"wp-block-cover alignwide is-light\" style=\"border-radius:8px;padding-top:var(--wp--preset--spacing--superbspacing-xxlarge);padding-right:var(--wp--preset--spacing--superbspacing-medium);padding-bottom:var(--wp--preset--spacing--superbspacing-xxlarge);padding-left:var(--wp--preset--spacing--superbspacing-medium)\"><span aria-hidden=\"true\" class=\"wp-block-cover__background has-background-dim-20 has-background-dim\"><\/span><img decoding=\"async\" class=\"wp-block-cover__image-background wp-image-2335\" alt=\"\" src=\"https:\/\/leinola.fi\/wp-content\/uploads\/2025\/01\/lp7-sonoran-cta1.jpg\" data-object-fit=\"cover\"\/><div class=\"wp-block-cover__inner-container has-global-padding is-layout-constrained wp-container-core-cover-is-layout-2 wp-block-cover-is-layout-constrained\">\n<div class=\"wp-block-group has-global-padding is-layout-constrained wp-container-core-group-is-layout-11 wp-block-group-is-layout-constrained\">\n<h3 class=\"wp-block-heading has-text-align-center has-contrast-light-color has-text-color has-superbfont-xxlarge-font-size\">Aloita remonttisi t\u00e4n\u00e4\u00e4n!<\/h3>\n<\/div>\n\n\n\n<div class=\"wp-block-group has-contrast-light-background-color has-background has-global-padding is-layout-constrained wp-container-core-group-is-layout-12 wp-block-group-is-layout-constrained\" style=\"border-radius:8px;padding-top:var(--wp--preset--spacing--superbspacing-xsmall);padding-right:var(--wp--preset--spacing--superbspacing-small);padding-bottom:var(--wp--preset--spacing--superbspacing-xsmall);padding-left:var(--wp--preset--spacing--superbspacing-small)\">\n<div class=\"wp-block-columns are-vertically-aligned-center is-layout-flex wp-container-core-columns-is-layout-3 wp-block-columns-is-layout-flex\">\n<div class=\"wp-block-column is-vertically-aligned-center is-layout-flow wp-block-column-is-layout-flow\" style=\"flex-basis:70%\">\n<h3 class=\"wp-block-heading has-text-align-left has-contrast-dark-color has-text-color has-superbfont-small-font-size\">\ud83c\udf0d Ota yhteytt\u00e4 meihin!<\/h3>\n<\/div>\n\n\n\n<div class=\"wp-block-column is-vertically-aligned-center is-layout-flow wp-block-column-is-layout-flow\">\n<div class=\"wp-block-buttons is-layout-flex wp-container-core-buttons-is-layout-1 wp-block-buttons-is-layout-flex\">\n<div class=\"wp-block-button has-custom-width wp-block-button__width-100 has-custom-font-size has-superbfont-small-font-size\"><a class=\"wp-block-button__link wp-element-button\" href=\"https:\/\/leinola.fi\/?page_id=69\" style=\"padding-top:var(--wp--preset--spacing--superbspacing-xsmall);padding-right:var(--wp--preset--spacing--superbspacing-xsmall);padding-bottom:var(--wp--preset--spacing--superbspacing-xsmall);padding-left:var(--wp--preset--spacing--superbspacing-xsmall)\">Yhteystiedot \u2192<\/a><\/div>\n<\/div>\n<\/div>\n<\/div>\n<\/div>\n<\/div><\/div>\n<\/div>\n\n\n\n<p><\/p>\n","protected":false},"excerpt":{"rendered":"<p>Projektejamme Kiinteist\u00f6j\u00e4 ja huoneistoja Vuosien varrella olemme toteuttaneet sek\u00e4 kiinteist\u00f6jen rakennushankkeita, ett\u00e4 useita huoneistoremontteja. Paritalo, H\u00e4meenlinna Kuvat\u2192 Yksi\u00f6,Tampere Kuvat \u2192 Kaksio,H\u00e4meenlinna Kuvat \u2192 Omakotitalo,Sipoo Kuvat\u2192<\/p>\n","protected":false},"author":1,"featured_media":0,"parent":0,"menu_order":0,"comment_status":"closed","ping_status":"closed","template":"superbaddons-page-template","meta":{"footnotes":""},"class_list":["post-61","page","type-page","status-publish","hentry"],"_links":{"self":[{"href":"https:\/\/leinola.fi\/index.php?rest_route=\/wp\/v2\/pages\/61","targetHints":{"allow":["GET"]}}],"collection":[{"href":"https:\/\/leinola.fi\/index.php?rest_route=\/wp\/v2\/pages"}],"about":[{"href":"https:\/\/leinola.fi\/index.php?rest_route=\/wp\/v2\/types\/page"}],"author":[{"embeddable":true,"href":"https:\/\/leinola.fi\/index.php?rest_route=\/wp\/v2\/users\/1"}],"replies":[{"embeddable":true,"href":"https:\/\/leinola.fi\/index.php?rest_route=%2Fwp%2Fv2%2Fcomments&post=61"}],"version-history":[{"count":13,"href":"https:\/\/leinola.fi\/index.php?rest_route=\/wp\/v2\/pages\/61\/revisions"}],"predecessor-version":[{"id":222,"href":"https:\/\/leinola.fi\/index.php?rest_route=\/wp\/v2\/pages\/61\/revisions\/222"}],"wp:attachment":[{"href":"https:\/\/leinola.fi\/index.php?rest_route=%2Fwp%2Fv2%2Fmedia&parent=61"}],"curies":[{"name":"wp","href":"https:\/\/api.w.org\/{rel}","templated":true}]}}